{"id":20,"date":"2016-09-04T18:54:03","date_gmt":"2016-09-04T17:54:03","guid":{"rendered":"http:\/\/wp.imgruenengrund.de\/?page_id=20"},"modified":"2025-12-28T12:47:00","modified_gmt":"2025-12-28T11:47:00","slug":"zimmer","status":"publish","type":"page","link":"https:\/\/imgruenengrund.de\/?page_id=20","title":{"rendered":"Zimmer"},"content":{"rendered":"<p><img loading=\"lazy\" decoding=\"async\" class=\"wp-image-21 size-full aligncenter\" src=\"https:\/\/imgruenengrund.de\/wp-content\/uploads\/2016\/09\/zimmer.jpg\" alt=\"zimmer\" width=\"503\" height=\"338\" srcset=\"https:\/\/imgruenengrund.de\/wp-content\/uploads\/2016\/09\/zimmer.jpg 503w, https:\/\/imgruenengrund.de\/wp-content\/uploads\/2016\/09\/zimmer-300x202.jpg 300w\" sizes=\"auto, (max-width: 503px) 100vw, 503px\" \/><br \/>\n<b>Zimmerpreise 2026<\/b><br \/>\nalles pro Person je \u00dcbernachtung und inclusive Fr\u00fchst\u00fcck<br \/>\nals EZ: bis 2 \u00dcbern.:45,00 \u20ac, ab 3 \u00dcbern.:42,00 \u20ac<br \/>\nals DZ: bis 2 \u00dcbern.:37,50 \u20ac, ab 3 \u00dcbern.:35,00 \u20ac<br \/>\nAufbettung: bis 14 Jahre 10,00 \u20ac, ab 14 Jahre 22,00 \u20ac<br \/>\nHaustier: 3,00 \u20ac pro Tag<\/p>\n","protected":false},"excerpt":{"rendered":"<p>Zimmerpreise 2026 alles pro Person je \u00dcbernachtung und inclusive Fr\u00fchst\u00fcck als EZ: bis 2 \u00dcbern.:45,00 \u20ac, ab 3 \u00dcbern.:42,00 \u20ac als DZ: bis 2 \u00dcbern.:37,50 \u20ac, ab 3 \u00dcbern.:35,00 \u20ac Aufbettung: bis 14 Jahre 10,00 \u20ac, ab 14 Jahre 22,00 \u20ac Haustier: 3,00 \u20ac pro Tag<\/p>\n","protected":false},"author":1,"featured_media":0,"parent":0,"menu_order":0,"comment_status":"closed","ping_status":"closed","template":"page-templates\/template-fullwidth.php","meta":{"ngg_post_thumbnail":0,"footnotes":""},"class_list":["post-20","page","type-page","status-publish","hentry"],"_links":{"self":[{"href":"https:\/\/imgruenengrund.de\/index.php?rest_route=\/wp\/v2\/pages\/20","targetHints":{"allow":["GET"]}}],"collection":[{"href":"https:\/\/imgruenengrund.de\/index.php?rest_route=\/wp\/v2\/pages"}],"about":[{"href":"https:\/\/imgruenengrund.de\/index.php?rest_route=\/wp\/v2\/types\/page"}],"author":[{"embeddable":true,"href":"https:\/\/imgruenengrund.de\/index.php?rest_route=\/wp\/v2\/users\/1"}],"replies":[{"embeddable":true,"href":"https:\/\/imgruenengrund.de\/index.php?rest_route=%2Fwp%2Fv2%2Fcomments&post=20"}],"version-history":[{"count":45,"href":"https:\/\/imgruenengrund.de\/index.php?rest_route=\/wp\/v2\/pages\/20\/revisions"}],"predecessor-version":[{"id":446,"href":"https:\/\/imgruenengrund.de\/index.php?rest_route=\/wp\/v2\/pages\/20\/revisions\/446"}],"wp:attachment":[{"href":"https:\/\/imgruenengrund.de\/index.php?rest_route=%2Fwp%2Fv2%2Fmedia&parent=20"}],"curies":[{"name":"wp","href":"https:\/\/api.w.org\/{rel}","templated":true}]}}