{"id":118,"date":"2016-10-08T16:59:51","date_gmt":"2016-10-08T15:59:51","guid":{"rendered":"http:\/\/wp.imgruenengrund.de\/?page_id=118"},"modified":"2024-01-18T20:38:14","modified_gmt":"2024-01-18T19:38:14","slug":"speisekarte","status":"publish","type":"page","link":"https:\/\/imgruenengrund.de\/?page_id=118","title":{"rendered":"Speisekarte"},"content":{"rendered":"<p class=\"Stil1\" align=\"center\">aus unserer Speisekarte<\/p>\n<table border=\"1\" width=\"70%\" align=\"center\" bgcolor=\"#FFFFFF\">\n<tbody>\n<tr>\n<td><em>Soljanka<\/em><\/td>\n<td><em>4,75 Euro<\/em><\/td>\n<\/tr>\n<tr>\n<td><em>Gro\u00dfer geb. Camembert mit Preiselbeeren und Toast<\/em><\/td>\n<td><em>5,50 Euro<\/em><\/td>\n<\/tr>\n<tr>\n<td><em>Ragout fin mit Toast<\/em><\/td>\n<td><em>5,50 Euro<\/em><\/td>\n<\/tr>\n<tr>\n<td><em>Frischer Salatteller<\/em><\/td>\n<td><em>4,75 Euro<\/em><\/td>\n<\/tr>\n<tr>\n<td><em>Frischer Salatteller mit Balkank\u00e4se<\/em><\/td>\n<td><em>5,50 Euro<\/em><\/td>\n<\/tr>\n<tr>\n<td>&nbsp;<\/td>\n<td>&nbsp;<\/td>\n<\/tr>\n<tr>\n<td><em>Zanderfilet mit Frischk\u00e4se-Kartoffeltaschen, Champignonso\u00dfe<\/em><\/td>\n<td><em>16,50 Euro<\/em><\/td>\n<\/tr>\n<tr>\n<td><em>Lachsfilet, Broccoli und Herzoginkartoffeln<\/em><\/td>\n<td><em>15,75 Euro<\/em><\/td>\n<\/tr>\n<tr>\n<td>&nbsp;<\/td>\n<td>&nbsp;<\/td>\n<\/tr>\n<tr>\n<td><em>Rinderroulade, Rotkohl und Kartoffelkl\u00f6\u00dfen<\/em><\/td>\n<td><em>16,75 Euro<\/em><\/td>\n<\/tr>\n<tr>\n<td><em>Flugentenkeule mit Rotkohl und Kartoffelkl\u00f6\u00dfen<\/em><\/td>\n<td><em>16,50 Euro<\/em><\/td>\n<\/tr>\n<tr>\n<td><em>Lammhaxe mit gr\u00fcnen Bohnen und Kartoffelkl\u00f6\u00dfen<\/em><\/td>\n<td><em>17,25 Euro<\/em><\/td>\n<\/tr>\n<tr>\n<td><em>H\u00e4hnchenschnitzel \u201eCordon bleu\u201c, Sommergem\u00fcse, Pommes frites<\/em><\/td>\n<td><em>11,25 Euro<\/em><\/td>\n<\/tr>\n<tr>\n<td><em>Schweineschnitzel mit Champignons und Pommes frites<\/em><\/td>\n<td><em>13,00 Euro<\/em><\/td>\n<\/tr>\n<tr>\n<td><em>Schweinesteak \u201eau four\u201c mit Pommes frites<\/em><\/td>\n<td><em>15,75 Euro<\/em><\/td>\n<\/tr>\n<tr>\n<td>&nbsp;<\/td>\n<td>&nbsp;<\/td>\n<\/tr>\n<tr>\n<td><em>Gemischte Aufschnitt- und K\u00e4seplatte, Butter und Brot<\/em><\/td>\n<td><em>11,00 Euro<\/em><\/td>\n<\/tr>\n<tr>\n<td><em>Hausgemachte S\u00fclze, Remouladenso\u00dfe mit Bratkartoffeln<\/em><\/td>\n<td><em>12,25 Euro<\/em><\/td>\n<\/tr>\n<\/tbody>\n<\/table>\n<p><em>&nbsp; <\/em><\/p>\n<p class=\"Stil2\" align=\"center\">bei uns gibt es Bier aus dem Erzgebirge von der Privatbrauerei \u201eFIEDLER\u201c \u2013 Oberscheibe<\/p>\n<table border=\"1\" width=\"60%\" align=\"center\" bgcolor=\"#FFFFFF\">\n<tbody>\n<tr>\n<td><strong><em>Pils vom Fa\u00df<\/em><\/strong><\/td>\n<td><strong><em>0,3 l<\/em><\/strong><\/td>\n<td><strong><em>2,75 Euro<\/em><\/strong><\/td>\n<\/tr>\n<tr>\n<td><strong><em>Pils vom Fa\u00df<\/em><\/strong><\/td>\n<td><strong><em>0,5 l<\/em><\/strong><\/td>\n<td><strong><em>4,20 Euro<\/em><\/strong><\/td>\n<\/tr>\n<tr>\n<td><strong><em>Magister Schwarzbier vom Fa\u00df<\/em><\/strong><\/td>\n<td><strong><em>0,3 l<\/em><\/strong><\/td>\n<td><strong><em>2,90 Euro<\/em><\/strong><\/td>\n<\/tr>\n<tr>\n<td><strong><em>Magister Schwarzbier vom Fa\u00df<\/em><\/strong><\/td>\n<td><strong><em>0,5 l<\/em><\/strong><\/td>\n<td><strong><em>4,30 Euro<\/em><\/strong><\/td>\n<\/tr>\n<tr>\n<td colspan=\"3\">\n<div align=\"center\"><strong><em>von Oktober bis M\u00e4rz Bockbier vom Fa\u00df<\/em><\/strong><\/div>\n<\/td>\n<\/tr>\n<tr>\n<td colspan=\"3\">\n<div align=\"center\"><strong><em>und weitere Flaschenbiere<\/em><\/strong><\/div>\n<\/td>\n<\/tr>\n<\/tbody>\n<\/table>\n<p>&nbsp;<img loading=\"lazy\" decoding=\"async\" class=\"aligncenter size-full wp-image-179\" src=\"https:\/\/imgruenengrund.de\/wp-content\/uploads\/2016\/10\/fiedler.png\" alt=\"Der Heimat treu - trinkt Fiedler-Br\u00e4u\" width=\"257\" height=\"314\" srcset=\"https:\/\/imgruenengrund.de\/wp-content\/uploads\/2016\/10\/fiedler.png 257w, https:\/\/imgruenengrund.de\/wp-content\/uploads\/2016\/10\/fiedler-246x300.png 246w\" sizes=\"auto, (max-width: 257px) 100vw, 257px\" \/><\/p>\n","protected":false},"excerpt":{"rendered":"<p>aus unserer Speisekarte Soljanka 4,75 Euro Gro\u00dfer geb. Camembert mit Preiselbeeren und Toast 5,50 Euro Ragout fin mit Toast 5,50 Euro Frischer Salatteller 4,75 Euro Frischer Salatteller mit Balkank\u00e4se 5,50 Euro &nbsp; &nbsp; Zanderfilet mit Frischk\u00e4se-Kartoffeltaschen, Champignonso\u00dfe 16,50 Euro Lachsfilet, Broccoli und Herzoginkartoffeln 15,75 Euro &nbsp; &nbsp; Rinderroulade, Rotkohl und Kartoffelkl\u00f6\u00dfen 16,75 Euro Flugentenkeule mit&hellip;<\/p>\n<p class=\"more-link-wrapper\"><a class=\"more-link\" href=\"https:\/\/imgruenengrund.de\/?page_id=118\">Continue<\/a><\/p>\n","protected":false},"author":1,"featured_media":0,"parent":0,"menu_order":0,"comment_status":"closed","ping_status":"closed","template":"page-templates\/template-fullwidth.php","meta":{"ngg_post_thumbnail":0,"footnotes":""},"class_list":["post-118","page","type-page","status-publish","hentry"],"_links":{"self":[{"href":"https:\/\/imgruenengrund.de\/index.php?rest_route=\/wp\/v2\/pages\/118","targetHints":{"allow":["GET"]}}],"collection":[{"href":"https:\/\/imgruenengrund.de\/index.php?rest_route=\/wp\/v2\/pages"}],"about":[{"href":"https:\/\/imgruenengrund.de\/index.php?rest_route=\/wp\/v2\/types\/page"}],"author":[{"embeddable":true,"href":"https:\/\/imgruenengrund.de\/index.php?rest_route=\/wp\/v2\/users\/1"}],"replies":[{"embeddable":true,"href":"https:\/\/imgruenengrund.de\/index.php?rest_route=%2Fwp%2Fv2%2Fcomments&post=118"}],"version-history":[{"count":23,"href":"https:\/\/imgruenengrund.de\/index.php?rest_route=\/wp\/v2\/pages\/118\/revisions"}],"predecessor-version":[{"id":427,"href":"https:\/\/imgruenengrund.de\/index.php?rest_route=\/wp\/v2\/pages\/118\/revisions\/427"}],"wp:attachment":[{"href":"https:\/\/imgruenengrund.de\/index.php?rest_route=%2Fwp%2Fv2%2Fmedia&parent=118"}],"curies":[{"name":"wp","href":"https:\/\/api.w.org\/{rel}","templated":true}]}}