{"id":109,"date":"2016-10-08T16:39:59","date_gmt":"2016-10-08T15:39:59","guid":{"rendered":"http:\/\/wp.imgruenengrund.de\/?page_id=109"},"modified":"2018-01-06T15:23:01","modified_gmt":"2018-01-06T14:23:01","slug":"impressum","status":"publish","type":"page","link":"https:\/\/imgruenengrund.de\/?page_id=109","title":{"rendered":"Impressum"},"content":{"rendered":"<p><strong>Postanschrift:<\/strong><br \/>\nGasthof &#8222;Im Gr\u00fcnen Grund&#8220;<br \/>\nInhaber Ralf Mauersberger<br \/>\nIm Grund 1<br \/>\n09430 Drebach<br \/>\nDeutschland<\/p>\n<p><strong> Ust-ID. gem\u00e4\u00df \u00a727a Umsatzsteuergesetz:<\/strong><br \/>\n228\/247\/02997<\/p>\n<p><strong>Inhaltlich Verantwortlicher gem\u00e4\u00df \u00a76 MDStV:<\/strong><br \/>\nRalf Mauersberger<\/p>\n<p><strong>Telekommunikation:<\/strong><br \/>\nTelefon: +49 (03725) 77202<br \/>\nTelefax: +49 (03725) 77220<\/p>\n<p><strong>Internet:<\/strong><br \/>\nDomain: http:\/\/www.imgruenengrund.de<br \/>\nE-Mail: info@imgruenengrund.de<\/p>\n<p><strong>Webmaster:<\/strong><br \/>\nDavid Mauersberger<br \/>\nIm Grund 1<br \/>\n09430 Drebach<br \/>\nE-Mail: web@imgruenengrund.de<\/p>\n<p>Mit Urteil vom 12. Mai 1998 hat das Landgericht Hamburg entschieden, dass man durch die Ausbringung eines Links f\u00fcr die Inhalte der gelinkten Seite ggf. mit zu verantworten hat. Dies kann &#8211; so das Landesgericht &#8211; nur dadurch verhindert werden, dass man sich ausdr\u00fccklich von diesen Inhalten distanziert. Wir haben auf dieser Site Links zu anderen Seiten im Internet gelegt. F\u00fcr all diese Links m\u00f6chten wir ausdr\u00fccklich betonen, dass wir keinerlei Einfluss auf die Gestaltung und die Inhalte der gelinkten Seiten haben. Deshalb distanzieren wir uns hiermit ausdr\u00fccklich von allen Inhalten aller gelinkten Seiten. Diese Erkl\u00e4rung gilt f\u00fcr alle auf www.imgruenengrund.de angebrachten Links und f\u00fcr alle Inhalte der Seiten, zu denen die Links f\u00fchren.<\/p>\n","protected":false},"excerpt":{"rendered":"<p>Postanschrift: Gasthof &#8222;Im Gr\u00fcnen Grund&#8220; Inhaber Ralf Mauersberger Im Grund 1 09430 Drebach Deutschland Ust-ID. gem\u00e4\u00df \u00a727a Umsatzsteuergesetz: 228\/247\/02997 Inhaltlich Verantwortlicher gem\u00e4\u00df \u00a76 MDStV: Ralf Mauersberger Telekommunikation: Telefon: +49 (03725) 77202 Telefax: +49 (03725) 77220 Internet: Domain: http:\/\/www.imgruenengrund.de E-Mail: info@imgruenengrund.de Webmaster: David Mauersberger Im Grund 1 09430 Drebach E-Mail: web@imgruenengrund.de Mit Urteil vom 12. Mai&hellip;<\/p>\n<p class=\"more-link-wrapper\"><a class=\"more-link\" href=\"https:\/\/imgruenengrund.de\/?page_id=109\">Continue<\/a><\/p>\n","protected":false},"author":1,"featured_media":0,"parent":0,"menu_order":0,"comment_status":"closed","ping_status":"closed","template":"page-templates\/template-fullwidth.php","meta":{"ngg_post_thumbnail":0,"footnotes":""},"class_list":["post-109","page","type-page","status-publish","hentry"],"_links":{"self":[{"href":"https:\/\/imgruenengrund.de\/index.php?rest_route=\/wp\/v2\/pages\/109","targetHints":{"allow":["GET"]}}],"collection":[{"href":"https:\/\/imgruenengrund.de\/index.php?rest_route=\/wp\/v2\/pages"}],"about":[{"href":"https:\/\/imgruenengrund.de\/index.php?rest_route=\/wp\/v2\/types\/page"}],"author":[{"embeddable":true,"href":"https:\/\/imgruenengrund.de\/index.php?rest_route=\/wp\/v2\/users\/1"}],"replies":[{"embeddable":true,"href":"https:\/\/imgruenengrund.de\/index.php?rest_route=%2Fwp%2Fv2%2Fcomments&post=109"}],"version-history":[{"count":1,"href":"https:\/\/imgruenengrund.de\/index.php?rest_route=\/wp\/v2\/pages\/109\/revisions"}],"predecessor-version":[{"id":110,"href":"https:\/\/imgruenengrund.de\/index.php?rest_route=\/wp\/v2\/pages\/109\/revisions\/110"}],"wp:attachment":[{"href":"https:\/\/imgruenengrund.de\/index.php?rest_route=%2Fwp%2Fv2%2Fmedia&parent=109"}],"curies":[{"name":"wp","href":"https:\/\/api.w.org\/{rel}","templated":true}]}}